{"id":18,"date":"2021-08-12T23:28:53","date_gmt":"2021-08-12T21:28:53","guid":{"rendered":"https:\/\/hydroizolacja.net\/?page_id=18"},"modified":"2021-09-03T12:45:37","modified_gmt":"2021-09-03T10:45:37","slug":"strona-glowna","status":"publish","type":"page","link":"https:\/\/hydroizolacja.net\/","title":{"rendered":"Strona g\u0142\u00f3wna"},"content":{"rendered":"<p>[et_pb_section fb_built=&#8221;1&#8243; fullwidth=&#8221;on&#8221; disabled_on=&#8221;off|off|off&#8221; _builder_version=&#8221;4.7.7&#8243; _module_preset=&#8221;default&#8221; hover_transition_speed_curve=&#8221;ease-in&#8221;][et_pb_fullwidth_slider arrows_custom_color=&#8221;#ffffff&#8221; dot_nav_custom_color=&#8221;#ffffff&#8221; _builder_version=&#8221;4.7.7&#8243; _module_preset=&#8221;default&#8221; width=&#8221;100%&#8221; max_width=&#8221;100%&#8221; content_width=&#8221;83%&#8221; height=&#8221;600px&#8221; height_tablet=&#8221;&#8221; height_phone=&#8221;400px&#8221; height_last_edited=&#8221;on|phone&#8221; max_height=&#8221;1000px&#8221; custom_padding=&#8221;200px||200px||false|false&#8221; custom_padding_tablet=&#8221;100px||100px||false|false&#8221; custom_padding_phone=&#8221;50px||50px||false|false&#8221; custom_padding_last_edited=&#8221;on|tablet&#8221; hover_enabled=&#8221;0&#8243; sticky_enabled=&#8221;0&#8243;][et_pb_slide heading=&#8221;Zaprawy hydroizolacyjne i uszczelniaj\u0105ce&#8221; button_text=&#8221;Dowiedz si\u0119 wi\u0119cej&#8221; use_bg_overlay=&#8221;on&#8221; bg_overlay_color=&#8221;rgba(0,0,0,0.52)&#8221; use_text_overlay=&#8221;off&#8221; arrows_custom_color=&#8221;#ffffff&#8221; dot_nav_custom_color=&#8221;#ffffff&#8221; _builder_version=&#8221;4.7.7&#8243; _module_preset=&#8221;default&#8221; header_level=&#8221;h2&#8243; header_font=&#8221;|800||on|||||&#8221; header_text_align=&#8221;center&#8221; header_text_color=&#8221;#ffffff&#8221; header_font_size=&#8221;45px&#8221; header_letter_spacing=&#8221;0px&#8221; header_line_height=&#8221;1.3em&#8221; body_text_align=&#8221;center&#8221; body_font_size=&#8221;19px&#8221; body_line_height=&#8221;1.8em&#8221; background_color=&#8221;#000000&#8243; background_image=&#8221;https:\/\/hydroizolacja.net\/wp-content\/uploads\/2021\/08\/hydro-1.jpg&#8221; background_enable_image=&#8221;on&#8221; custom_button=&#8221;on&#8221; button_text_color=&#8221;#ffffff&#8221; button_bg_color=&#8221;#1aaf00&#8243; button_border_width=&#8221;0px&#8221; button_border_radius=&#8221;0px&#8221; button_letter_spacing=&#8221;0px&#8221; button_font=&#8221;|800|||||||&#8221; button_use_icon=&#8221;on&#8221; button_icon=&#8221;%%28%%&#8221; button_icon_placement=&#8221;right&#8221; button_on_hover=&#8221;on&#8221; button_alignment=&#8221;center&#8221; width=&#8221;60%&#8221; width_tablet=&#8221;100%&#8221; width_phone=&#8221;&#8221; width_last_edited=&#8221;on|phone&#8221; max_width=&#8221;100%&#8221; custom_padding=&#8221;0px||0px||false|false&#8221; hover_enabled=&#8221;0&#8243; header_font_size_tablet=&#8221;&#8221; header_font_size_phone=&#8221;&#8221; header_font_size_last_edited=&#8221;on|desktop&#8221; text_shadow_style=&#8221;preset1&#8243; text_shadow_blur_strength=&#8221;0em&#8221; text_shadow_color=&#8221;rgba(0,0,0,0)&#8221; sticky_transition=&#8221;on&#8221; button_link=&#8221;https:\/\/hydroizolacja.net\/index.php\/zaprawy-hydroizolacyjne-i-uszczelniajace\/&#8221; sticky_enabled=&#8221;0&#8243;]<\/p>\n<p>Zaprawy hydroizolacyjne i uszczelniaj\u0105ce to nowoczesne preparaty chemiczne, kt\u00f3re mog\u0105 by\u0107 wykorzystywane do zabezpieczania przed wilgoci\u0105, wszelkiego typu pomieszcze\u0144, znajduj\u0105cych si\u0119 wewn\u0105trz i na zewn\u0105trz budynk\u00f3w.<\/p>\n<p>[\/et_pb_slide][et_pb_slide heading=&#8221;P\u0142yny do iniekcji&#8221; button_text=&#8221;Dowiedz si\u0119 wi\u0119cej&#8221; use_bg_overlay=&#8221;on&#8221; bg_overlay_color=&#8221;rgba(0,0,0,0.63)&#8221; use_text_overlay=&#8221;off&#8221; arrows_custom_color=&#8221;#ffffff&#8221; dot_nav_custom_color=&#8221;#ffffff&#8221; _builder_version=&#8221;4.7.7&#8243; _module_preset=&#8221;default&#8221; header_level=&#8221;h2&#8243; header_font=&#8221;|800||on|||||&#8221; header_text_align=&#8221;center&#8221; header_text_color=&#8221;#ffffff&#8221; header_font_size=&#8221;45px&#8221; header_letter_spacing=&#8221;0px&#8221; header_line_height=&#8221;1.3em&#8221; body_text_align=&#8221;center&#8221; body_font_size=&#8221;19px&#8221; body_line_height=&#8221;1.8em&#8221; background_color=&#8221;#000000&#8243; background_image=&#8221;https:\/\/hydroizolacja.net\/wp-content\/uploads\/2021\/08\/inie.jpg&#8221; background_enable_image=&#8221;on&#8221; custom_button=&#8221;on&#8221; button_text_color=&#8221;#ffffff&#8221; button_bg_color=&#8221;#1aaf00&#8243; button_border_width=&#8221;0px&#8221; button_border_radius=&#8221;0px&#8221; button_letter_spacing=&#8221;0px&#8221; button_font=&#8221;|800|||||||&#8221; button_use_icon=&#8221;on&#8221; button_icon=&#8221;%%28%%&#8221; button_icon_placement=&#8221;right&#8221; button_on_hover=&#8221;on&#8221; button_alignment=&#8221;center&#8221; width=&#8221;60%&#8221; width_tablet=&#8221;100%&#8221; width_phone=&#8221;&#8221; width_last_edited=&#8221;on|phone&#8221; max_width=&#8221;100%&#8221; custom_padding=&#8221;0px||0px||false|false&#8221; hover_enabled=&#8221;0&#8243; header_font_size_tablet=&#8221;&#8221; header_font_size_phone=&#8221;&#8221; header_font_size_last_edited=&#8221;on|desktop&#8221; text_shadow_style=&#8221;preset1&#8243; text_shadow_blur_strength=&#8221;0em&#8221; text_shadow_color=&#8221;rgba(0,0,0,0)&#8221; sticky_transition=&#8221;on&#8221; button_link=&#8221;https:\/\/hydroizolacja.net\/index.php\/plyny-do-iniekcji\/&#8221; sticky_enabled=&#8221;0&#8243;]<\/p>\n<p style=\"text-align: center;\">P\u0142yny do iniekcji to skutecznie dzia\u0142aj\u0105ce produkty, umo\u017cliwiaj\u0105ce wykonywanie r\u00f3\u017cnego rodzaju prac budowlanych i remontowych. To skoncentrowane preparaty chemiczne o starannie skomponowanym sk\u0142adzie.<\/p>\n<p>[\/et_pb_slide][et_pb_slide heading=&#8221;Impregnaty hydrofobizuj\u0105ce&#8221; button_text=&#8221;Dowiedz si\u0119 wi\u0119cej&#8221; use_bg_overlay=&#8221;on&#8221; bg_overlay_color=&#8221;rgba(0,0,0,0.63)&#8221; use_text_overlay=&#8221;off&#8221; arrows_custom_color=&#8221;#ffffff&#8221; dot_nav_custom_color=&#8221;#ffffff&#8221; _builder_version=&#8221;4.7.7&#8243; _module_preset=&#8221;default&#8221; header_level=&#8221;h2&#8243; header_font=&#8221;|800||on|||||&#8221; header_text_align=&#8221;center&#8221; header_text_color=&#8221;#ffffff&#8221; header_font_size=&#8221;45px&#8221; header_letter_spacing=&#8221;0px&#8221; header_line_height=&#8221;1.3em&#8221; body_text_align=&#8221;center&#8221; body_font_size=&#8221;19px&#8221; body_line_height=&#8221;1.8em&#8221; background_color=&#8221;#000000&#8243; background_image=&#8221;https:\/\/hydroizolacja.net\/wp-content\/uploads\/2021\/08\/hydroo.jpg&#8221; background_enable_image=&#8221;on&#8221; custom_button=&#8221;on&#8221; button_text_color=&#8221;#ffffff&#8221; button_bg_color=&#8221;#1aaf00&#8243; button_border_width=&#8221;0px&#8221; button_border_radius=&#8221;0px&#8221; button_letter_spacing=&#8221;0px&#8221; button_font=&#8221;|800|||||||&#8221; button_use_icon=&#8221;on&#8221; button_icon=&#8221;%%28%%&#8221; button_icon_placement=&#8221;right&#8221; button_on_hover=&#8221;on&#8221; button_alignment=&#8221;center&#8221; width=&#8221;60%&#8221; width_tablet=&#8221;100%&#8221; width_phone=&#8221;&#8221; width_last_edited=&#8221;on|phone&#8221; max_width=&#8221;100%&#8221; custom_padding=&#8221;0px||0px||false|false&#8221; hover_enabled=&#8221;0&#8243; header_font_size_tablet=&#8221;&#8221; header_font_size_phone=&#8221;&#8221; header_font_size_last_edited=&#8221;on|desktop&#8221; text_shadow_style=&#8221;preset1&#8243; text_shadow_blur_strength=&#8221;0em&#8221; text_shadow_color=&#8221;rgba(0,0,0,0)&#8221; sticky_transition=&#8221;on&#8221; button_link=&#8221;https:\/\/hydroizolacja.net\/index.php\/impregnaty-hydrofobizujace\/&#8221; sticky_enabled=&#8221;0&#8243;]<\/p>\n<p style=\"text-align: center;\">Impregnaty hydrofobizuj\u0105ce to preparaty chemiczne, przeznaczone do trwa\u0142ej ochrony powierzchni przed dzia\u0142aniem wilgoci i wody. Produkty te mog\u0105 by\u0107 aplikowane na lastryko lub p\u0142ytki.<\/p>\n<p>[\/et_pb_slide][\/et_pb_fullwidth_slider][\/et_pb_section]<\/p>\n","protected":false},"excerpt":{"rendered":"<p>[et_pb_section fb_built=&#8221;1&#8243; fullwidth=&#8221;on&#8221; disabled_on=&#8221;off|off|off&#8221; _builder_version=&#8221;4.7.7&#8243; _module_preset=&#8221;default&#8221; hover_transition_speed_curve=&#8221;ease-in&#8221;][et_pb_fullwidth_slider arrows_custom_color=&#8221;#ffffff&#8221; dot_nav_custom_color=&#8221;#ffffff&#8221; _builder_version=&#8221;4.7.7&#8243; _module_preset=&#8221;default&#8221; width=&#8221;100%&#8221; max_width=&#8221;100%&#8221; content_width=&#8221;83%&#8221; height=&#8221;600px&#8221; height_tablet=&#8221;&#8221; height_phone=&#8221;400px&#8221; height_last_edited=&#8221;on|phone&#8221; max_height=&#8221;1000px&#8221; custom_padding=&#8221;200px||200px||false|false&#8221; custom_padding_tablet=&#8221;100px||100px||false|false&#8221; custom_padding_phone=&#8221;50px||50px||false|false&#8221; custom_padding_last_edited=&#8221;on|tablet&#8221; hover_enabled=&#8221;0&#8243; sticky_enabled=&#8221;0&#8243;][et_pb_slide heading=&#8221;Zaprawy hydroizolacyjne i uszczelniaj\u0105ce&#8221; button_text=&#8221;Dowiedz si\u0119 wi\u0119cej&#8221; use_bg_overlay=&#8221;on&#8221; bg_overlay_color=&#8221;rgba(0,0,0,0.52)&#8221; use_text_overlay=&#8221;off&#8221; arrows_custom_color=&#8221;#ffffff&#8221; dot_nav_custom_color=&#8221;#ffffff&#8221; _builder_version=&#8221;4.7.7&#8243; _module_preset=&#8221;default&#8221; header_level=&#8221;h2&#8243; header_font=&#8221;|800||on|||||&#8221; header_text_align=&#8221;center&#8221; header_text_color=&#8221;#ffffff&#8221; header_font_size=&#8221;45px&#8221; header_letter_spacing=&#8221;0px&#8221; header_line_height=&#8221;1.3em&#8221; body_text_align=&#8221;center&#8221; body_font_size=&#8221;19px&#8221; body_line_height=&#8221;1.8em&#8221; background_color=&#8221;#000000&#8243; background_image=&#8221;https:\/\/hydroizolacja.net\/wp-content\/uploads\/2021\/08\/hydro-1.jpg&#8221; background_enable_image=&#8221;on&#8221; custom_button=&#8221;on&#8221; button_text_color=&#8221;#ffffff&#8221; button_bg_color=&#8221;#1aaf00&#8243; [&hellip;]<\/p>\n","protected":false},"author":1,"featured_media":0,"parent":0,"menu_order":0,"comment_status":"closed","ping_status":"closed","template":"","meta":{"_et_pb_use_builder":"on","_et_pb_old_content":"","_et_gb_content_width":"","_monsterinsights_skip_tracking":false,"_monsterinsights_sitenote_active":false,"_monsterinsights_sitenote_note":"","_monsterinsights_sitenote_category":0,"footnotes":""},"class_list":["post-18","page","type-page","status-publish","hentry"],"aioseo_notices":[],"_links":{"self":[{"href":"https:\/\/hydroizolacja.net\/index.php\/wp-json\/wp\/v2\/pages\/18","targetHints":{"allow":["GET"]}}],"collection":[{"href":"https:\/\/hydroizolacja.net\/index.php\/wp-json\/wp\/v2\/pages"}],"about":[{"href":"https:\/\/hydroizolacja.net\/index.php\/wp-json\/wp\/v2\/types\/page"}],"author":[{"embeddable":true,"href":"https:\/\/hydroizolacja.net\/index.php\/wp-json\/wp\/v2\/users\/1"}],"replies":[{"embeddable":true,"href":"https:\/\/hydroizolacja.net\/index.php\/wp-json\/wp\/v2\/comments?post=18"}],"version-history":[{"count":8,"href":"https:\/\/hydroizolacja.net\/index.php\/wp-json\/wp\/v2\/pages\/18\/revisions"}],"predecessor-version":[{"id":101,"href":"https:\/\/hydroizolacja.net\/index.php\/wp-json\/wp\/v2\/pages\/18\/revisions\/101"}],"wp:attachment":[{"href":"https:\/\/hydroizolacja.net\/index.php\/wp-json\/wp\/v2\/media?parent=18"}],"curies":[{"name":"wp","href":"https:\/\/api.w.org\/{rel}","templated":true}]}}